{"id":4785,"date":"2020-11-17T14:07:12","date_gmt":"2020-11-17T12:07:12","guid":{"rendered":"https:\/\/germscand.fcml.uni-sofia.bg\/?page_id=4785"},"modified":"2020-11-22T20:39:23","modified_gmt":"2020-11-22T18:39:23","slug":"krasimira-metodieva","status":"publish","type":"page","link":"https:\/\/germscand.fcml.uni-sofia.bg\/de\/fachrichtung-deutsche-philologie\/lehrkraefte\/krasimira-metodieva\/","title":{"rendered":"Krasimira Metodieva"},"content":{"rendered":"<p><nav class=\"fusion-fullwidth fullwidth-box fusion-builder-row-1 fusion-flex-container nonhundred-percent-fullwidth non-hundred-percent-height-scrolling fusion-no-medium-visibility fusion-no-large-visibility page-mobile-menu fusion-sticky-container\" style=\"--awb-border-radius-top-left:0px;--awb-border-radius-top-right:0px;--awb-border-radius-bottom-right:0px;--awb-border-radius-bottom-left:0px;--awb-margin-bottom:20px;--awb-sticky-background-color:#e9ecef !important;--awb-flex-wrap:wrap;\" data-transition-offset=\"0\" data-sticky-offset=\"65px\" data-scroll-offset=\"0\" data-sticky-small-visibility=\"1\" data-sticky-medium-visibility=\"1\" data-sticky-large-visibility=\"1\" ><div class=\"fusion-builder-row fusion-row fusion-flex-align-items-flex-start fusion-flex-align-content-flex-start fusion-flex-content-wrap\" style=\"max-width:1196px;margin-left: calc(-4% \/ 2 );margin-right: calc(-4% \/ 2 );\"><div class=\"fusion-layout-column fusion_builder_column fusion-builder-column-0 fusion_builder_column_1_1 1_1 fusion-flex-column\" style=\"--awb-bg-size:cover;--awb-width-large:100%;--awb-margin-top-large:0px;--awb-spacing-right-large:1.92%;--awb-margin-bottom-large:0px;--awb-spacing-left-large:1.92%;--awb-width-medium:100%;--awb-order-medium:0;--awb-spacing-right-medium:1.92%;--awb-spacing-left-medium:1.92%;--awb-width-small:100%;--awb-order-small:0;--awb-spacing-right-small:1.92%;--awb-spacing-left-small:1.92%;\"><div class=\"fusion-column-wrapper fusion-column-has-shadow fusion-flex-justify-content-flex-start fusion-content-layout-column\"><nav class=\"awb-menu awb-menu_column awb-menu_em-hover mobile-mode-collapse-to-button awb-menu_icons-left awb-menu_dc-yes mobile-trigger-fullwidth-on awb-menu_mobile-toggle awb-menu_indent-left awb-menu_mt-fullwidth mobile-size-column-relative loading mega-menu-loading awb-menu_desktop awb-menu_dropdown awb-menu_expand-right awb-menu_transition-fade\" style=\"--awb-text-transform:none;--awb-submenu-text-transform:none;--awb-main-justify-content:flex-start;--awb-mobile-nav-button-align-hor:flex-end;--awb-mobile-bg:#e9ecef;--awb-mobile-color:#333333;--awb-mobile-nav-items-height:50;--awb-mobile-active-bg:#ffffff;--awb-mobile-active-color:#333333;--awb-mobile-trigger-background-color:#e9ecef;--awb-mobile-justify:flex-start;--awb-mobile-caret-left:auto;--awb-mobile-caret-right:0;--awb-fusion-font-family-typography:inherit;--awb-fusion-font-style-typography:normal;--awb-fusion-font-weight-typography:400;--awb-fusion-font-family-submenu-typography:inherit;--awb-fusion-font-style-submenu-typography:normal;--awb-fusion-font-weight-submenu-typography:400;--awb-fusion-font-family-mobile-typography:inherit;--awb-fusion-font-style-mobile-typography:normal;--awb-fusion-font-weight-mobile-typography:400;\" aria-label=\"scandinavistika_menu\" data-breakpoint=\"10000\" data-count=\"0\" data-transition-type=\"fade\" data-transition-time=\"300\" data-expand=\"right\"><button type=\"button\" class=\"awb-menu__m-toggle\" aria-expanded=\"false\" aria-controls=\"menu-scandinavistika_menu\"><span class=\"awb-menu__m-toggle-inner\"><span class=\"collapsed-nav-text\">menu<\/span><span class=\"awb-menu__m-collapse-icon\"><span class=\"awb-menu__m-collapse-icon-open fa-bars fas\"><\/span><span class=\"awb-menu__m-collapse-icon-close fa-times fas\"><\/span><\/span><\/span><\/button><\/nav><\/div><\/div><\/div><\/nav><div class=\"fusion-fullwidth fullwidth-box fusion-builder-row-2 fusion-flex-container nonhundred-percent-fullwidth non-hundred-percent-height-scrolling\" style=\"--awb-border-radius-top-left:0px;--awb-border-radius-top-right:0px;--awb-border-radius-bottom-right:0px;--awb-border-radius-bottom-left:0px;--awb-flex-wrap:wrap;\" ><div class=\"fusion-builder-row fusion-row fusion-flex-align-items-flex-start fusion-flex-content-wrap\" style=\"max-width:1196px;margin-left: calc(-4% \/ 2 );margin-right: calc(-4% \/ 2 );\"><div class=\"fusion-layout-column fusion_builder_column fusion-builder-column-1 fusion_builder_column_1_1 1_1 fusion-flex-column\" style=\"--awb-bg-size:cover;--awb-width-large:100%;--awb-margin-top-large:0px;--awb-spacing-right-large:1.92%;--awb-margin-bottom-large:20px;--awb-spacing-left-large:1.92%;--awb-width-medium:100%;--awb-order-medium:0;--awb-spacing-right-medium:1.92%;--awb-spacing-left-medium:1.92%;--awb-width-small:100%;--awb-order-small:0;--awb-spacing-right-small:1.92%;--awb-spacing-left-small:1.92%;\"><div class=\"fusion-column-wrapper fusion-column-has-shadow fusion-flex-justify-content-flex-start fusion-content-layout-column\"><nav class=\"fusion-breadcrumbs awb-yoast-breadcrumbs fusion-breadcrumbs-1\" style=\"--awb-breadcrumb-sep:&#039;\/&#039;;\" aria-label=\"Breadcrumb\"><ol class=\"awb-breadcrumb-list\"><li class=\"fusion-breadcrumb-item awb-breadcrumb-sep awb-home\" ><a href=\"https:\/\/germscand.fcml.uni-sofia.bg\/de\/\" class=\"fusion-breadcrumb-link\"><span >Home<\/span><\/a><\/li><\/ol><\/nav><\/div><\/div><\/div><\/div><div class=\"fusion-fullwidth fullwidth-box fusion-builder-row-3 fusion-flex-container nonhundred-percent-fullwidth non-hundred-percent-height-scrolling prepodavatel-container\" style=\"--awb-border-radius-top-left:0px;--awb-border-radius-top-right:0px;--awb-border-radius-bottom-right:0px;--awb-border-radius-bottom-left:0px;--awb-padding-top:50px;--awb-margin-bottom:20px;--awb-flex-wrap:wrap;\" ><div class=\"fusion-builder-row fusion-row fusion-flex-align-items-flex-start fusion-flex-content-wrap\" style=\"max-width:1196px;margin-left: calc(-4% \/ 2 );margin-right: calc(-4% \/ 2 );\"><div class=\"fusion-layout-column fusion_builder_column fusion-builder-column-2 fusion_builder_column_1_3 1_3 fusion-flex-column\" style=\"--awb-bg-size:cover;--awb-width-large:33.333333333333%;--awb-margin-top-large:0px;--awb-spacing-right-large:5.76%;--awb-margin-bottom-large:20px;--awb-spacing-left-large:5.76%;--awb-width-medium:33.333333333333%;--awb-order-medium:0;--awb-spacing-right-medium:5.76%;--awb-spacing-left-medium:5.76%;--awb-width-small:100%;--awb-order-small:0;--awb-spacing-right-small:1.92%;--awb-spacing-left-small:1.92%;\"><div class=\"fusion-column-wrapper fusion-column-has-shadow fusion-flex-justify-content-flex-start fusion-content-layout-column\"><div class=\"fusion-image-element \" style=\"--awb-caption-title-font-family:var(--h2_typography-font-family);--awb-caption-title-font-weight:var(--h2_typography-font-weight);--awb-caption-title-font-style:var(--h2_typography-font-style);--awb-caption-title-size:var(--h2_typography-font-size);--awb-caption-title-transform:var(--h2_typography-text-transform);--awb-caption-title-line-height:var(--h2_typography-line-height);--awb-caption-title-letter-spacing:var(--h2_typography-letter-spacing);\"><span class=\" fusion-imageframe imageframe-none imageframe-1 hover-type-none\"><a href=\"https:\/\/germscand.fcml.uni-sofia.bg\/wp-content\/uploads\/2020\/11\/125792585_789112375279616_4177828001913889368_n-1.jpg\" class=\"fusion-lightbox\" data-rel=\"iLightbox[982d3d0c1a007033e77]\" data-title=\"125792585_789112375279616_4177828001913889368_n\" title=\"125792585_789112375279616_4177828001913889368_n\"><img decoding=\"async\" width=\"708\" height=\"665\" src=\"https:\/\/germscand.fcml.uni-sofia.bg\/wp-content\/uploads\/2020\/11\/125792585_789112375279616_4177828001913889368_n-1.jpg\" alt class=\"img-responsive wp-image-4765\" srcset=\"https:\/\/germscand.fcml.uni-sofia.bg\/wp-content\/uploads\/2020\/11\/125792585_789112375279616_4177828001913889368_n-1-200x188.jpg 200w, https:\/\/germscand.fcml.uni-sofia.bg\/wp-content\/uploads\/2020\/11\/125792585_789112375279616_4177828001913889368_n-1-400x376.jpg 400w, https:\/\/germscand.fcml.uni-sofia.bg\/wp-content\/uploads\/2020\/11\/125792585_789112375279616_4177828001913889368_n-1-600x564.jpg 600w, https:\/\/germscand.fcml.uni-sofia.bg\/wp-content\/uploads\/2020\/11\/125792585_789112375279616_4177828001913889368_n-1.jpg 708w\" sizes=\"(max-width: 800px) 100vw, 400px\" \/><\/a><\/span><\/div><\/div><\/div><div class=\"fusion-layout-column fusion_builder_column fusion-builder-column-3 fusion_builder_column_2_3 2_3 fusion-flex-column\" style=\"--awb-bg-size:cover;--awb-width-large:66.666666666667%;--awb-margin-top-large:0px;--awb-spacing-right-large:2.88%;--awb-margin-bottom-large:20px;--awb-spacing-left-large:2.88%;--awb-width-medium:66.666666666667%;--awb-order-medium:0;--awb-spacing-right-medium:2.88%;--awb-spacing-left-medium:2.88%;--awb-width-small:100%;--awb-order-small:0;--awb-spacing-right-small:1.92%;--awb-spacing-left-small:1.92%;\"><div class=\"fusion-column-wrapper fusion-column-has-shadow fusion-flex-justify-content-flex-start fusion-content-layout-column\"><div class=\"fusion-text fusion-text-1\"><h1>Mag. Krassimira Metodieva<\/h1>\n<\/div><div class=\"fusion-text fusion-text-2 prepodavatel-position\"><p>Sekretariat und Bibliothekarin der Deutschen Bibliothek<\/p>\n<\/div><ul style=\"--awb-line-height:27.2px;--awb-icon-width:27.2px;--awb-icon-height:27.2px;--awb-icon-margin:11.2px;--awb-content-margin:38.4px;\" class=\"fusion-checklist fusion-checklist-1 fusion-checklist-default type-icons\"><li class=\"fusion-li-item\" style=\"\"><span class=\"icon-wrapper circle-no\"><i class=\"fusion-li-icon fa-envelope fas\" aria-hidden=\"true\"><\/i><\/span><div class=\"fusion-li-item-content\">\n<p><a href=\"mailto:ksmetodiev@uni-sofia.bg\" target=\"_blank\" rel=\"noopener noreferrer\">ksmetodiev@uni-sofia.bg<\/a><\/p>\n<\/div><\/li><li class=\"fusion-li-item\" style=\"\"><span class=\"icon-wrapper circle-no\"><i class=\"fusion-li-icon fa-user-circle fas\" aria-hidden=\"true\"><\/i><\/span><div class=\"fusion-li-item-content\">\n<p>Hauptgeb\u00e4ude, Raum 216, Deutsche Bibliothek<\/p>\n<\/div><\/li><li class=\"fusion-li-item\" style=\"\"><span class=\"icon-wrapper circle-no\"><i class=\"fusion-li-icon fa-clock fas\" aria-hidden=\"true\"><\/i><\/span><div class=\"fusion-li-item-content\">\n<p><strong>\u041f\u0440\u0438\u0435\u043c\u043d\u043e \u0432\u0440\u0435\u043c\u0435 \u0437\u0430 \u0441\u0442\u0443\u0434\u0435\u043d\u0442\u0438 \u0438 \u043f\u0440\u0435\u043f\u043e\u0434\u0430\u0432\u0430\u0442\u0435\u043b\u0438:<\/strong><br \/>Montag bis Freitag 10.00 \u2013 17.00<span style=\"color: var(--body_typography-color); font-family: var(--body_typography-font-family); font-style: var(--body_typography-font-style,normal); letter-spacing: var(--body_typography-letter-spacing);\">.<\/span><br \/>Mittagspause: 12.00 &#8211; 13.00.<\/p>\n<\/div><\/li><li class=\"fusion-li-item\" style=\"\"><span class=\"icon-wrapper circle-no\"><i class=\"fusion-li-icon fa-phone-alt fas\" aria-hidden=\"true\"><\/i><\/span><div class=\"fusion-li-item-content\">\n<p>02\/9308 470<\/p>\n<\/div><\/li><\/ul><\/div><\/div><\/div><\/div><div class=\"fusion-fullwidth fullwidth-box fusion-builder-row-4 fusion-flex-container nonhundred-percent-fullwidth non-hundred-percent-height-scrolling links-section\" style=\"--awb-border-radius-top-left:0px;--awb-border-radius-top-right:0px;--awb-border-radius-bottom-right:0px;--awb-border-radius-bottom-left:0px;--awb-flex-wrap:wrap;\" ><div class=\"fusion-builder-row fusion-row fusion-flex-align-items-flex-start fusion-flex-content-wrap\" style=\"max-width:1196px;margin-left: calc(-4% \/ 2 );margin-right: calc(-4% \/ 2 );\"><div class=\"fusion-layout-column fusion_builder_column fusion-builder-column-4 fusion_builder_column_1_1 1_1 fusion-flex-column\" style=\"--awb-bg-size:cover;--awb-width-large:100%;--awb-margin-top-large:0px;--awb-spacing-right-large:1.92%;--awb-margin-bottom-large:20px;--awb-spacing-left-large:1.92%;--awb-width-medium:100%;--awb-order-medium:0;--awb-spacing-right-medium:1.92%;--awb-spacing-left-medium:1.92%;--awb-width-small:100%;--awb-order-small:0;--awb-spacing-right-small:1.92%;--awb-spacing-left-small:1.92%;\"><div class=\"fusion-column-wrapper fusion-column-has-shadow fusion-flex-justify-content-flex-start fusion-content-layout-column\"><div class=\"fusion-text fusion-text-3\"><p>Mag. Krassimira Metodieva hat 1989 Bulgarische Philologie an der Universit\u00e4t Sofia und 1981 Bibliothekswissenschaften am Institut f\u00fcr Bibliothekswissenschaften (heute Universit\u00e4t f\u00fcr Informationswissenschaften) abgeschlossen. Im Zeitraum 1984-1997 arbeitet sie im Verband der bulgarischen Schriftsteller als Bibliographie-Spezialistin. Danach ist sie an der Nationalbibliothek &#8222;St. St. Kyrill und Methodius&#8220; als Expert-Bibliothekarin t\u00e4tig. Seit 2015 ist sie f\u00fcr die Deutsche Bibliothek an der Universit\u00e4t Sofia verantwortlich. Sie \u00fcbernahm 2020 auch das Sekretariat des Instituts f\u00fcr Germanistik und Skandinavistik.<\/p>\n<\/div><\/div><\/div><\/div><\/div><\/p>\n","protected":false},"excerpt":{"rendered":"","protected":false},"author":3,"featured_media":0,"parent":1885,"menu_order":0,"comment_status":"closed","ping_status":"closed","template":"","meta":{"footnotes":""},"class_list":["post-4785","page","type-page","status-publish","hentry"],"yoast_head":"<!-- This site is optimized with the Yoast SEO plugin v27.5 - https:\/\/yoast.com\/product\/yoast-seo-wordpress\/ -->\n<title>Krasimira Metodieva - \u041a\u0430\u0442\u0435\u0434\u0440\u0430\u0442\u0430 \u043f\u043e \u0433\u0435\u0440\u043c\u0430\u043d\u0438\u0441\u0442\u0438\u043a\u0430 \u0438 \u0441\u043a\u0430\u043d\u0434\u0438\u043d\u0430\u0432\u0438\u0441\u0442\u0438\u043a\u0430<\/title>\n<meta name=\"robots\" content=\"index, follow, max-snippet:-1, max-image-preview:large, max-video-preview:-1\" \/>\n<link rel=\"canonical\" href=\"https:\/\/germscand.fcml.uni-sofia.bg\/de\/fachrichtung-deutsche-philologie\/lehrkraefte\/krasimira-metodieva\/\" \/>\n<meta property=\"og:locale\" content=\"de_DE\" \/>\n<meta property=\"og:type\" content=\"article\" \/>\n<meta property=\"og:title\" content=\"Krasimira Metodieva - \u041a\u0430\u0442\u0435\u0434\u0440\u0430\u0442\u0430 \u043f\u043e \u0433\u0435\u0440\u043c\u0430\u043d\u0438\u0441\u0442\u0438\u043a\u0430 \u0438 \u0441\u043a\u0430\u043d\u0434\u0438\u043d\u0430\u0432\u0438\u0441\u0442\u0438\u043a\u0430\" \/>\n<meta property=\"og:url\" content=\"https:\/\/germscand.fcml.uni-sofia.bg\/de\/fachrichtung-deutsche-philologie\/lehrkraefte\/krasimira-metodieva\/\" \/>\n<meta property=\"og:site_name\" content=\"\u041a\u0430\u0442\u0435\u0434\u0440\u0430\u0442\u0430 \u043f\u043e \u0433\u0435\u0440\u043c\u0430\u043d\u0438\u0441\u0442\u0438\u043a\u0430 \u0438 \u0441\u043a\u0430\u043d\u0434\u0438\u043d\u0430\u0432\u0438\u0441\u0442\u0438\u043a\u0430\" \/>\n<meta property=\"article:modified_time\" content=\"2020-11-22T18:39:23+00:00\" \/>\n<meta property=\"og:image\" content=\"https:\/\/germscand.fcml.uni-sofia.bg\/wp-content\/uploads\/2021\/02\/\u041a\u0410\u0422\u0415\u0414\u0420\u0410-\u041f\u041e-\u0413\u0415\u0420\u041c\u0410\u041d\u0418\u0421\u0422\u0418\u041a\u0410-\u0418-\u0421\u041a\u0410\u041d\u0414\u0418\u041d\u0410\u0412\u0418\u0421\u0422\u0418\u041a\u0410.jpg\" \/>\n\t<meta property=\"og:image:width\" content=\"1000\" \/>\n\t<meta property=\"og:image:height\" content=\"500\" \/>\n\t<meta property=\"og:image:type\" content=\"image\/jpeg\" \/>\n<meta name=\"twitter:card\" content=\"summary_large_image\" \/>\n<meta name=\"twitter:label1\" content=\"Gesch\u00e4tzte Lesezeit\" \/>\n\t<meta name=\"twitter:data1\" content=\"14\u00a0Minuten\" \/>\n<script type=\"application\/ld+json\" class=\"yoast-schema-graph\">{\"@context\":\"https:\\\/\\\/schema.org\",\"@graph\":[{\"@type\":\"WebPage\",\"@id\":\"https:\\\/\\\/germscand.fcml.uni-sofia.bg\\\/de\\\/fachrichtung-deutsche-philologie\\\/lehrkraefte\\\/krasimira-metodieva\\\/\",\"url\":\"https:\\\/\\\/germscand.fcml.uni-sofia.bg\\\/de\\\/fachrichtung-deutsche-philologie\\\/lehrkraefte\\\/krasimira-metodieva\\\/\",\"name\":\"Krasimira Metodieva - \u041a\u0430\u0442\u0435\u0434\u0440\u0430\u0442\u0430 \u043f\u043e \u0433\u0435\u0440\u043c\u0430\u043d\u0438\u0441\u0442\u0438\u043a\u0430 \u0438 \u0441\u043a\u0430\u043d\u0434\u0438\u043d\u0430\u0432\u0438\u0441\u0442\u0438\u043a\u0430\",\"isPartOf\":{\"@id\":\"https:\\\/\\\/germscand.fcml.uni-sofia.bg\\\/#website\"},\"datePublished\":\"2020-11-17T12:07:12+00:00\",\"dateModified\":\"2020-11-22T18:39:23+00:00\",\"breadcrumb\":{\"@id\":\"https:\\\/\\\/germscand.fcml.uni-sofia.bg\\\/de\\\/fachrichtung-deutsche-philologie\\\/lehrkraefte\\\/krasimira-metodieva\\\/#breadcrumb\"},\"inLanguage\":\"de\",\"potentialAction\":[{\"@type\":\"ReadAction\",\"target\":[\"https:\\\/\\\/germscand.fcml.uni-sofia.bg\\\/de\\\/fachrichtung-deutsche-philologie\\\/lehrkraefte\\\/krasimira-metodieva\\\/\"]}]},{\"@type\":\"BreadcrumbList\",\"@id\":\"https:\\\/\\\/germscand.fcml.uni-sofia.bg\\\/de\\\/fachrichtung-deutsche-philologie\\\/lehrkraefte\\\/krasimira-metodieva\\\/#breadcrumb\",\"itemListElement\":[{\"@type\":\"ListItem\",\"position\":1,\"name\":\"Home\",\"item\":\"https:\\\/\\\/germscand.fcml.uni-sofia.bg\\\/de\\\/\"},{\"@type\":\"ListItem\",\"position\":2,\"name\":\"Fachrichtung &#8222;Deutsche Philologie&#8220;\",\"item\":\"https:\\\/\\\/germscand.fcml.uni-sofia.bg\\\/de\\\/fachrichtung-deutsche-philologie\\\/\"},{\"@type\":\"ListItem\",\"position\":3,\"name\":\"Lehrkr\u00e4fte\",\"item\":\"https:\\\/\\\/germscand.fcml.uni-sofia.bg\\\/de\\\/fachrichtung-deutsche-philologie\\\/lehrkraefte\\\/\"},{\"@type\":\"ListItem\",\"position\":4,\"name\":\"Krasimira Metodieva\"}]},{\"@type\":\"WebSite\",\"@id\":\"https:\\\/\\\/germscand.fcml.uni-sofia.bg\\\/#website\",\"url\":\"https:\\\/\\\/germscand.fcml.uni-sofia.bg\\\/\",\"name\":\"\u041a\u0430\u0442\u0435\u0434\u0440\u0430\u0442\u0430 \u043f\u043e \u0433\u0435\u0440\u043c\u0430\u043d\u0438\u0441\u0442\u0438\u043a\u0430 \u0438 \u0441\u043a\u0430\u043d\u0434\u0438\u043d\u0430\u0432\u0438\u0441\u0442\u0438\u043a\u0430\",\"description\":\"\",\"potentialAction\":[{\"@type\":\"SearchAction\",\"target\":{\"@type\":\"EntryPoint\",\"urlTemplate\":\"https:\\\/\\\/germscand.fcml.uni-sofia.bg\\\/?s={search_term_string}\"},\"query-input\":{\"@type\":\"PropertyValueSpecification\",\"valueRequired\":true,\"valueName\":\"search_term_string\"}}],\"inLanguage\":\"de\"}]}<\/script>\n<!-- \/ Yoast SEO plugin. -->","yoast_head_json":{"title":"Krasimira Metodieva - \u041a\u0430\u0442\u0435\u0434\u0440\u0430\u0442\u0430 \u043f\u043e \u0433\u0435\u0440\u043c\u0430\u043d\u0438\u0441\u0442\u0438\u043a\u0430 \u0438 \u0441\u043a\u0430\u043d\u0434\u0438\u043d\u0430\u0432\u0438\u0441\u0442\u0438\u043a\u0430","robots":{"index":"index","follow":"follow","max-snippet":"max-snippet:-1","max-image-preview":"max-image-preview:large","max-video-preview":"max-video-preview:-1"},"canonical":"https:\/\/germscand.fcml.uni-sofia.bg\/de\/fachrichtung-deutsche-philologie\/lehrkraefte\/krasimira-metodieva\/","og_locale":"de_DE","og_type":"article","og_title":"Krasimira Metodieva - \u041a\u0430\u0442\u0435\u0434\u0440\u0430\u0442\u0430 \u043f\u043e \u0433\u0435\u0440\u043c\u0430\u043d\u0438\u0441\u0442\u0438\u043a\u0430 \u0438 \u0441\u043a\u0430\u043d\u0434\u0438\u043d\u0430\u0432\u0438\u0441\u0442\u0438\u043a\u0430","og_url":"https:\/\/germscand.fcml.uni-sofia.bg\/de\/fachrichtung-deutsche-philologie\/lehrkraefte\/krasimira-metodieva\/","og_site_name":"\u041a\u0430\u0442\u0435\u0434\u0440\u0430\u0442\u0430 \u043f\u043e \u0433\u0435\u0440\u043c\u0430\u043d\u0438\u0441\u0442\u0438\u043a\u0430 \u0438 \u0441\u043a\u0430\u043d\u0434\u0438\u043d\u0430\u0432\u0438\u0441\u0442\u0438\u043a\u0430","article_modified_time":"2020-11-22T18:39:23+00:00","og_image":[{"width":1000,"height":500,"url":"https:\/\/germscand.fcml.uni-sofia.bg\/wp-content\/uploads\/2021\/02\/\u041a\u0410\u0422\u0415\u0414\u0420\u0410-\u041f\u041e-\u0413\u0415\u0420\u041c\u0410\u041d\u0418\u0421\u0422\u0418\u041a\u0410-\u0418-\u0421\u041a\u0410\u041d\u0414\u0418\u041d\u0410\u0412\u0418\u0421\u0422\u0418\u041a\u0410.jpg","type":"image\/jpeg"}],"twitter_card":"summary_large_image","twitter_misc":{"Gesch\u00e4tzte Lesezeit":"14\u00a0Minuten"},"schema":{"@context":"https:\/\/schema.org","@graph":[{"@type":"WebPage","@id":"https:\/\/germscand.fcml.uni-sofia.bg\/de\/fachrichtung-deutsche-philologie\/lehrkraefte\/krasimira-metodieva\/","url":"https:\/\/germscand.fcml.uni-sofia.bg\/de\/fachrichtung-deutsche-philologie\/lehrkraefte\/krasimira-metodieva\/","name":"Krasimira Metodieva - \u041a\u0430\u0442\u0435\u0434\u0440\u0430\u0442\u0430 \u043f\u043e \u0433\u0435\u0440\u043c\u0430\u043d\u0438\u0441\u0442\u0438\u043a\u0430 \u0438 \u0441\u043a\u0430\u043d\u0434\u0438\u043d\u0430\u0432\u0438\u0441\u0442\u0438\u043a\u0430","isPartOf":{"@id":"https:\/\/germscand.fcml.uni-sofia.bg\/#website"},"datePublished":"2020-11-17T12:07:12+00:00","dateModified":"2020-11-22T18:39:23+00:00","breadcrumb":{"@id":"https:\/\/germscand.fcml.uni-sofia.bg\/de\/fachrichtung-deutsche-philologie\/lehrkraefte\/krasimira-metodieva\/#breadcrumb"},"inLanguage":"de","potentialAction":[{"@type":"ReadAction","target":["https:\/\/germscand.fcml.uni-sofia.bg\/de\/fachrichtung-deutsche-philologie\/lehrkraefte\/krasimira-metodieva\/"]}]},{"@type":"BreadcrumbList","@id":"https:\/\/germscand.fcml.uni-sofia.bg\/de\/fachrichtung-deutsche-philologie\/lehrkraefte\/krasimira-metodieva\/#breadcrumb","itemListElement":[{"@type":"ListItem","position":1,"name":"Home","item":"https:\/\/germscand.fcml.uni-sofia.bg\/de\/"},{"@type":"ListItem","position":2,"name":"Fachrichtung &#8222;Deutsche Philologie&#8220;","item":"https:\/\/germscand.fcml.uni-sofia.bg\/de\/fachrichtung-deutsche-philologie\/"},{"@type":"ListItem","position":3,"name":"Lehrkr\u00e4fte","item":"https:\/\/germscand.fcml.uni-sofia.bg\/de\/fachrichtung-deutsche-philologie\/lehrkraefte\/"},{"@type":"ListItem","position":4,"name":"Krasimira Metodieva"}]},{"@type":"WebSite","@id":"https:\/\/germscand.fcml.uni-sofia.bg\/#website","url":"https:\/\/germscand.fcml.uni-sofia.bg\/","name":"\u041a\u0430\u0442\u0435\u0434\u0440\u0430\u0442\u0430 \u043f\u043e \u0433\u0435\u0440\u043c\u0430\u043d\u0438\u0441\u0442\u0438\u043a\u0430 \u0438 \u0441\u043a\u0430\u043d\u0434\u0438\u043d\u0430\u0432\u0438\u0441\u0442\u0438\u043a\u0430","description":"","potentialAction":[{"@type":"SearchAction","target":{"@type":"EntryPoint","urlTemplate":"https:\/\/germscand.fcml.uni-sofia.bg\/?s={search_term_string}"},"query-input":{"@type":"PropertyValueSpecification","valueRequired":true,"valueName":"search_term_string"}}],"inLanguage":"de"}]}},"_links":{"self":[{"href":"https:\/\/germscand.fcml.uni-sofia.bg\/de\/wp-json\/wp\/v2\/pages\/4785","targetHints":{"allow":["GET"]}}],"collection":[{"href":"https:\/\/germscand.fcml.uni-sofia.bg\/de\/wp-json\/wp\/v2\/pages"}],"about":[{"href":"https:\/\/germscand.fcml.uni-sofia.bg\/de\/wp-json\/wp\/v2\/types\/page"}],"author":[{"embeddable":true,"href":"https:\/\/germscand.fcml.uni-sofia.bg\/de\/wp-json\/wp\/v2\/users\/3"}],"replies":[{"embeddable":true,"href":"https:\/\/germscand.fcml.uni-sofia.bg\/de\/wp-json\/wp\/v2\/comments?post=4785"}],"version-history":[{"count":0,"href":"https:\/\/germscand.fcml.uni-sofia.bg\/de\/wp-json\/wp\/v2\/pages\/4785\/revisions"}],"up":[{"embeddable":true,"href":"https:\/\/germscand.fcml.uni-sofia.bg\/de\/wp-json\/wp\/v2\/pages\/1885"}],"wp:attachment":[{"href":"https:\/\/germscand.fcml.uni-sofia.bg\/de\/wp-json\/wp\/v2\/media?parent=4785"}],"curies":[{"name":"wp","href":"https:\/\/api.w.org\/{rel}","templated":true}]}}